{"id":12,"date":"2025-05-01T12:30:39","date_gmt":"2025-05-01T10:30:39","guid":{"rendered":"http:\/\/ajozanburkolo.hu\/?page_id=12"},"modified":"2025-05-01T16:30:56","modified_gmt":"2025-05-01T14:30:56","slug":"home","status":"publish","type":"page","link":"https:\/\/ajozanburkolo.hu\/","title":{"rendered":"Kezd\u0151lap"},"content":{"rendered":"\t\t<div data-elementor-type=\"wp-page\" data-elementor-id=\"12\" class=\"elementor elementor-12\">\n\t\t\t\t\t\t<section class=\"elementor-section elementor-top-section elementor-element elementor-element-40ab9cf1 Plumbing-contractor-banner-section elementor-section-boxed elementor-section-height-default elementor-section-height-default\" data-id=\"40ab9cf1\" data-element_type=\"section\" data-settings=\"{&quot;background_background&quot;:&quot;classic&quot;}\">\n\t\t\t\t\t\t<div class=\"elementor-container elementor-column-gap-default\">\n\t\t\t\t\t<div class=\"elementor-column elementor-col-100 elementor-top-column elementor-element elementor-element-23194038\" data-id=\"23194038\" data-element_type=\"column\">\n\t\t\t<div class=\"elementor-widget-wrap elementor-element-populated\">\n\t\t\t\t\t\t<section class=\"elementor-section elementor-inner-section elementor-element elementor-element-71733f34 elementor-section-boxed elementor-section-height-default elementor-section-height-default\" data-id=\"71733f34\" data-element_type=\"section\">\n\t\t\t\t\t\t<div class=\"elementor-container elementor-column-gap-default\">\n\t\t\t\t\t<div class=\"elementor-column elementor-col-100 elementor-inner-column elementor-element elementor-element-7107ed25 Plumbing-contractor-text-section\" data-id=\"7107ed25\" data-element_type=\"column\">\n\t\t\t<div class=\"elementor-widget-wrap elementor-element-populated\">\n\t\t\t\t\t\t<div class=\"elementor-element elementor-element-71d4c8a4 elementor-widget elementor-widget-heading\" data-id=\"71d4c8a4\" data-element_type=\"widget\" data-widget_type=\"heading.default\">\n\t\t\t\t<div class=\"elementor-widget-container\">\n\t\t\t\t\t<h3 class=\"elementor-heading-title elementor-size-default\"><div dir=\"auto\">J\u00f3zan Istv\u00e1n \u2013 Hidegburkol\u00f3 Mester<span style=\"font-family: Overpass, sans-serif; text-align: var(--bs-body-text-align);\"><\/span><\/div><\/h3>\t\t\t\t<\/div>\n\t\t\t\t<\/div>\n\t\t\t\t<div class=\"elementor-element elementor-element-153168a7 elementor-widget elementor-widget-heading\" data-id=\"153168a7\" data-element_type=\"widget\" data-widget_type=\"heading.default\">\n\t\t\t\t<div class=\"elementor-widget-container\">\n\t\t\t\t\t<h2 class=\"elementor-heading-title elementor-size-default\"><div dir=\"auto\">Min\u0151s\u00e9gi burkol\u00e1s, korrekt \u00e1ron.<\/div><div dir=\"auto\"><span style=\"font-family: Overpass, sans-serif; text-align: var(--bs-body-text-align);\"><\/span><\/div><\/h2>\t\t\t\t<\/div>\n\t\t\t\t<\/div>\n\t\t\t\t<div class=\"elementor-element elementor-element-4653c3fe elementor-widget__width-initial elementor-widget elementor-widget-text-editor\" data-id=\"4653c3fe\" data-element_type=\"widget\" data-widget_type=\"text-editor.default\">\n\t\t\t\t<div class=\"elementor-widget-container\">\n\t\t\t\t\t\t\t\t\t<div dir=\"auto\">T\u00f6bb mint 25 \u00e9ve, 1995 \u00f3ta dolgozom az \u00e9p\u00edt\u0151iparban, els\u0151sorban hidegburkol\u00e1ssal, h\u00e1zak \u00e9p\u00edt\u00e9s\u00e9vel \u00e9s fel\u00faj\u00edt\u00e1s\u00e1val foglalkozom. Az \u00e9vek sor\u00e1n t\u00f6bb sz\u00e1z otthon megval\u00f3s\u00edt\u00e1s\u00e1ban vettem r\u00e9szt, \u00edgy b\u0151s\u00e9ges tapasztalattal rendelkezem mind a belt\u00e9ri, mind a k\u00fclt\u00e9ri munk\u00e1k ter\u00e9n.<\/div><div dir=\"auto\">\u00a0<\/div><div dir=\"auto\">F\u0151 profilom a hidegburkol\u00e1s, valamint a k\u00fcls\u0151 d\u00edszburkolatok k\u00e9sz\u00edt\u00e9se, legyen sz\u00f3 j\u00e1rd\u00e1r\u00f3l, teraszr\u00f3l, l\u00e1bazatr\u00f3l vagy homlokzati burkolatr\u00f3l. Munk\u00e1mat mindig a pontoss\u00e1g, megb\u00edzhat\u00f3s\u00e1g \u00e9s tisztas\u00e1g jellemzi. Ahogy a nevem is mutatja \u2013 J\u00f3zan Istv\u00e1n vagyok, nem iszom, csak dolgozom.<\/div><div dir=\"auto\">\u00a0<\/div><div dir=\"auto\">Saj\u00e1t szersz\u00e1mokkal \u00e9s g\u00e9pekkel rendelkezem, \u00edgy gyorsan \u00e9s hat\u00e9konyan tudok dolgozni. Cegl\u00e9den \u00e9s annak 70 km-es k\u00f6rzet\u00e9ben v\u00e1llalok munk\u00e1t, \u00e9s a 20 km-es k\u00f6rzetben d\u00edjmentes helysz\u00edni felm\u00e9r\u00e9st biztos\u00edtok.<\/div><div dir=\"auto\">\u00a0<\/div><div dir=\"auto\">\u00a0<\/div>\t\t\t\t\t\t\t\t<\/div>\n\t\t\t\t<\/div>\n\t\t\t\t\t<\/div>\n\t\t<\/div>\n\t\t\t\t\t<\/div>\n\t\t<\/section>\n\t\t\t\t\t<\/div>\n\t\t<\/div>\n\t\t\t\t\t<\/div>\n\t\t<\/section>\n\t\t\t\t<section class=\"elementor-section elementor-top-section elementor-element elementor-element-2542e42e Plumbing-contractor-about-section elementor-section-boxed elementor-section-height-default elementor-section-height-default\" data-id=\"2542e42e\" data-element_type=\"section\">\n\t\t\t\t\t\t<div class=\"elementor-container elementor-column-gap-default\">\n\t\t\t\t\t<div class=\"elementor-column elementor-col-50 elementor-top-column elementor-element elementor-element-2a9d04d6 elementor-plumber-project-section\" data-id=\"2a9d04d6\" data-element_type=\"column\">\n\t\t\t<div class=\"elementor-widget-wrap elementor-element-populated\">\n\t\t\t\t\t\t<div class=\"elementor-element elementor-element-41d45242 elementor-widget elementor-widget-button\" data-id=\"41d45242\" data-element_type=\"widget\" data-widget_type=\"button.default\">\n\t\t\t\t<div class=\"elementor-widget-container\">\n\t\t\t\t\t\t\t\t\t<div class=\"elementor-button-wrapper\">\n\t\t\t\t\t<a class=\"elementor-button elementor-button-link elementor-size-sm\" href=\"#\">\n\t\t\t\t\t\t<span class=\"elementor-button-content-wrapper\">\n\t\t\t\t\t\t\t\t\t<span class=\"elementor-button-text\">Amit k\u00edn\u00e1lok<\/span>\n\t\t\t\t\t<\/span>\n\t\t\t\t\t<\/a>\n\t\t\t\t<\/div>\n\t\t\t\t\t\t\t\t<\/div>\n\t\t\t\t<\/div>\n\t\t\t\t<div class=\"elementor-element elementor-element-3e058c61 elementor-widget elementor-widget-heading\" data-id=\"3e058c61\" data-element_type=\"widget\" data-widget_type=\"heading.default\">\n\t\t\t\t<div class=\"elementor-widget-container\">\n\t\t\t\t\t<h2 class=\"elementor-heading-title elementor-size-default\"><div dir=\"auto\">Min\u0151s\u00e9gi burkol\u00e1s, korrekt \u00e1ron!<span style=\"font-family: Overpass, sans-serif; text-align: var(--bs-body-text-align);\"><\/span><\/div><\/h2>\t\t\t\t<\/div>\n\t\t\t\t<\/div>\n\t\t\t\t<div class=\"elementor-element elementor-element-2a8c6bc7 elementor-widget elementor-widget-text-editor\" data-id=\"2a8c6bc7\" data-element_type=\"widget\" data-widget_type=\"text-editor.default\">\n\t\t\t\t<div class=\"elementor-widget-container\">\n\t\t\t\t\t\t\t\t\t<p>Amennyiben ig\u00e9nyes, tart\u00f3s burkolatra van sz\u00fcks\u00e9ge, keressen bizalommal \u2013 korrekt \u00e1ron, hossz\u00fa t\u00e1vra dolgozom!<\/p>\t\t\t\t\t\t\t\t<\/div>\n\t\t\t\t<\/div>\n\t\t\t\t<section class=\"elementor-section elementor-inner-section elementor-element elementor-element-b43bba6 numbers-section elementor-section-boxed elementor-section-height-default elementor-section-height-default\" data-id=\"b43bba6\" data-element_type=\"section\" data-settings=\"{&quot;background_background&quot;:&quot;classic&quot;}\">\n\t\t\t\t\t\t<div class=\"elementor-container elementor-column-gap-default\">\n\t\t\t\t\t<div class=\"elementor-column elementor-col-33 elementor-inner-column elementor-element elementor-element-4246d020 number-ratings1\" data-id=\"4246d020\" data-element_type=\"column\">\n\t\t\t<div class=\"elementor-widget-wrap elementor-element-populated\">\n\t\t\t\t\t\t<div class=\"elementor-element elementor-element-1193640e elementor-widget elementor-widget-heading\" data-id=\"1193640e\" data-element_type=\"widget\" data-widget_type=\"heading.default\">\n\t\t\t\t<div class=\"elementor-widget-container\">\n\t\t\t\t\t<h2 class=\"elementor-heading-title elementor-size-default\">25+<\/h2>\t\t\t\t<\/div>\n\t\t\t\t<\/div>\n\t\t\t\t<div class=\"elementor-element elementor-element-3135c861 elementor-widget elementor-widget-heading\" data-id=\"3135c861\" data-element_type=\"widget\" data-widget_type=\"heading.default\">\n\t\t\t\t<div class=\"elementor-widget-container\">\n\t\t\t\t\t<h6 class=\"elementor-heading-title elementor-size-default\">\u00c9v szakmai tapasztalat<\/h6>\t\t\t\t<\/div>\n\t\t\t\t<\/div>\n\t\t\t\t\t<\/div>\n\t\t<\/div>\n\t\t\t\t<div class=\"elementor-column elementor-col-33 elementor-inner-column elementor-element elementor-element-6afee90b number-ratings\" data-id=\"6afee90b\" data-element_type=\"column\">\n\t\t\t<div class=\"elementor-widget-wrap elementor-element-populated\">\n\t\t\t\t\t\t<div class=\"elementor-element elementor-element-1a2c04d elementor-widget elementor-widget-heading\" data-id=\"1a2c04d\" data-element_type=\"widget\" data-widget_type=\"heading.default\">\n\t\t\t\t<div class=\"elementor-widget-container\">\n\t\t\t\t\t<h2 class=\"elementor-heading-title elementor-size-default\">450+<\/h2>\t\t\t\t<\/div>\n\t\t\t\t<\/div>\n\t\t\t\t<div class=\"elementor-element elementor-element-7c3d11f6 elementor-widget elementor-widget-heading\" data-id=\"7c3d11f6\" data-element_type=\"widget\" data-widget_type=\"heading.default\">\n\t\t\t\t<div class=\"elementor-widget-container\">\n\t\t\t\t\t<h6 class=\"elementor-heading-title elementor-size-default\">Megval\u00f3s\u00edtott Projekt<\/h6>\t\t\t\t<\/div>\n\t\t\t\t<\/div>\n\t\t\t\t\t<\/div>\n\t\t<\/div>\n\t\t\t\t<div class=\"elementor-column elementor-col-33 elementor-inner-column elementor-element elementor-element-2dcfcff7 number-ratings\" data-id=\"2dcfcff7\" data-element_type=\"column\">\n\t\t\t<div class=\"elementor-widget-wrap elementor-element-populated\">\n\t\t\t\t\t\t<div class=\"elementor-element elementor-element-543847e6 elementor-widget elementor-widget-heading\" data-id=\"543847e6\" data-element_type=\"widget\" data-widget_type=\"heading.default\">\n\t\t\t\t<div class=\"elementor-widget-container\">\n\t\t\t\t\t<h2 class=\"elementor-heading-title elementor-size-default\">0%<\/h2>\t\t\t\t<\/div>\n\t\t\t\t<\/div>\n\t\t\t\t<div class=\"elementor-element elementor-element-5716f961 elementor-widget elementor-widget-heading\" data-id=\"5716f961\" data-element_type=\"widget\" data-widget_type=\"heading.default\">\n\t\t\t\t<div class=\"elementor-widget-container\">\n\t\t\t\t\t<h6 class=\"elementor-heading-title elementor-size-default\">Alkohol<\/h6>\t\t\t\t<\/div>\n\t\t\t\t<\/div>\n\t\t\t\t\t<\/div>\n\t\t<\/div>\n\t\t\t\t\t<\/div>\n\t\t<\/section>\n\t\t\t\t\t<\/div>\n\t\t<\/div>\n\t\t\t\t<div class=\"elementor-column elementor-col-50 elementor-top-column elementor-element elementor-element-357e6246 Plumbing-contractor-video-section\" data-id=\"357e6246\" data-element_type=\"column\">\n\t\t\t<div class=\"elementor-widget-wrap\">\n\t\t\t\t\t\t\t<\/div>\n\t\t<\/div>\n\t\t\t\t\t<\/div>\n\t\t<\/section>\n\t\t<div class=\"elementor-element elementor-element-e6e3356 e-flex e-con-boxed e-con e-parent\" data-id=\"e6e3356\" data-element_type=\"container\">\n\t\t\t\t\t<div class=\"e-con-inner\">\n\t\t\t\t<div class=\"elementor-element elementor-element-e92e420 elementor-view-default elementor-widget elementor-widget-icon\" data-id=\"e92e420\" data-element_type=\"widget\" data-widget_type=\"icon.default\">\n\t\t\t\t<div class=\"elementor-widget-container\">\n\t\t\t\t\t\t\t<div class=\"elementor-icon-wrapper\">\n\t\t\t<div class=\"elementor-icon\">\n\t\t\t<svg aria-hidden=\"true\" class=\"e-font-icon-svg e-fas-tools\" viewBox=\"0 0 512 512\" xmlns=\"http:\/\/www.w3.org\/2000\/svg\"><path d=\"M501.1 395.7L384 278.6c-23.1-23.1-57.6-27.6-85.4-13.9L192 158.1V96L64 0 0 64l96 128h62.1l106.6 106.6c-13.6 27.8-9.2 62.3 13.9 85.4l117.1 117.1c14.6 14.6 38.2 14.6 52.7 0l52.7-52.7c14.5-14.6 14.5-38.2 0-52.7zM331.7 225c28.3 0 54.9 11 74.9 31l19.4 19.4c15.8-6.9 30.8-16.5 43.8-29.5 37.1-37.1 49.7-89.3 37.9-136.7-2.2-9-13.5-12.1-20.1-5.5l-74.4 74.4-67.9-11.3L334 98.9l74.4-74.4c6.6-6.6 3.4-17.9-5.7-20.2-47.4-11.7-99.6.9-136.6 37.9-28.5 28.5-41.9 66.1-41.2 103.6l82.1 82.1c8.1-1.9 16.5-2.9 24.7-2.9zm-103.9 82l-56.7-56.7L18.7 402.8c-25 25-25 65.5 0 90.5s65.5 25 90.5 0l123.6-123.6c-7.6-19.9-9.9-41.6-5-62.7zM64 472c-13.2 0-24-10.8-24-24 0-13.3 10.7-24 24-24s24 10.7 24 24c0 13.2-10.7 24-24 24z\"><\/path><\/svg>\t\t\t<\/div>\n\t\t<\/div>\n\t\t\t\t\t\t<\/div>\n\t\t\t\t<\/div>\n\t\t\t\t\t<\/div>\n\t\t\t\t<\/div>\n\t\t\t\t<\/div>\n\t\t","protected":false},"excerpt":{"rendered":"<p>J\u00f3zan Istv\u00e1n \u2013 Hidegburkol\u00f3 Mester Min\u0151s\u00e9gi burkol\u00e1s, korrekt \u00e1ron. T\u00f6bb mint 25 \u00e9ve, 1995 \u00f3ta dolgozom az \u00e9p\u00edt\u0151iparban, els\u0151sorban hidegburkol\u00e1ssal, h\u00e1zak \u00e9p\u00edt\u00e9s\u00e9vel \u00e9s fel\u00faj\u00edt\u00e1s\u00e1val foglalkozom. Az \u00e9vek sor\u00e1n t\u00f6bb sz\u00e1z otthon megval\u00f3s\u00edt\u00e1s\u00e1ban vettem r\u00e9szt, \u00edgy b\u0151s\u00e9ges tapasztalattal rendelkezem mind a belt\u00e9ri, mind a k\u00fclt\u00e9ri munk\u00e1k ter\u00e9n.\u00a0F\u0151 profilom a hidegburkol\u00e1s, valamint a k\u00fcls\u0151 d\u00edszburkolatok k\u00e9sz\u00edt\u00e9se, legyen [&hellip;]<\/p>\n","protected":false},"author":1,"featured_media":0,"parent":0,"menu_order":0,"comment_status":"closed","ping_status":"closed","template":"templates\/frontpage.php","meta":{"footnotes":""},"class_list":["post-12","page","type-page","status-publish","hentry"],"_links":{"self":[{"href":"https:\/\/ajozanburkolo.hu\/index.php?rest_route=\/wp\/v2\/pages\/12","targetHints":{"allow":["GET"]}}],"collection":[{"href":"https:\/\/ajozanburkolo.hu\/index.php?rest_route=\/wp\/v2\/pages"}],"about":[{"href":"https:\/\/ajozanburkolo.hu\/index.php?rest_route=\/wp\/v2\/types\/page"}],"author":[{"embeddable":true,"href":"https:\/\/ajozanburkolo.hu\/index.php?rest_route=\/wp\/v2\/users\/1"}],"replies":[{"embeddable":true,"href":"https:\/\/ajozanburkolo.hu\/index.php?rest_route=%2Fwp%2Fv2%2Fcomments&post=12"}],"version-history":[{"count":31,"href":"https:\/\/ajozanburkolo.hu\/index.php?rest_route=\/wp\/v2\/pages\/12\/revisions"}],"predecessor-version":[{"id":84,"href":"https:\/\/ajozanburkolo.hu\/index.php?rest_route=\/wp\/v2\/pages\/12\/revisions\/84"}],"wp:attachment":[{"href":"https:\/\/ajozanburkolo.hu\/index.php?rest_route=%2Fwp%2Fv2%2Fmedia&parent=12"}],"curies":[{"name":"wp","href":"https:\/\/api.w.org\/{rel}","templated":true}]}}